{"id":2946,"date":"2025-04-10T17:53:28","date_gmt":"2025-04-10T15:53:28","guid":{"rendered":"https:\/\/stars-driver.de\/?page_id=2946"},"modified":"2025-04-10T17:55:29","modified_gmt":"2025-04-10T15:55:29","slug":"news-4","status":"publish","type":"page","link":"https:\/\/stars-driver.de\/en\/news-4\/","title":{"rendered":"News"},"content":{"rendered":"\t\t<div data-elementor-type=\"wp-page\" data-elementor-id=\"2946\" class=\"elementor elementor-2946 elementor-2945\" data-elementor-post-type=\"page\">\n\t\t\t\t<div class=\"elementor-element elementor-element-0820b2b e-flex e-con-boxed e-con e-parent\" data-id=\"0820b2b\" data-element_type=\"container\" data-e-type=\"container\">\n\t\t\t\t\t<div class=\"e-con-inner\">\n\t\t\t\t<div class=\"elementor-element elementor-element-0251324 elementor-widget elementor-widget-heading\" data-id=\"0251324\" data-element_type=\"widget\" data-e-type=\"widget\" data-widget_type=\"heading.default\">\n\t\t\t\t<div class=\"elementor-widget-container\">\n\t\t\t\t\t<h1 class=\"elementor-heading-title elementor-size-default\">Unser Blog: Aktuelles, Einblicke und Inspiration rund um exklusive Limousinenservices<\/h1>\t\t\t\t<\/div>\n\t\t\t\t<\/div>\n\t\t\t\t<div class=\"elementor-element elementor-element-547906a elementor-widget elementor-widget-text-editor\" data-id=\"547906a\" data-element_type=\"widget\" data-e-type=\"widget\" data-widget_type=\"text-editor.default\">\n\t\t\t\t<div class=\"elementor-widget-container\">\n\t\t\t\t\t\t\t\t\t<p style=\"text-align: center;\">Willkommen im News-Bereich von <strong>Stars &amp; Driver<\/strong>. Hier finden Sie spannende Neuigkeiten, inspirierende Geschichten und aktuelle Entwicklungen rund um die Welt von Luxusmobilit\u00e4t, Reisen und exklusivem Lifestyle. Hier finden Sie spannende Neuigkeiten, inspirierende Geschichten und aktuelle Entwicklungen rund um die Welt von Luxusmobilit\u00e4t, Reisen und exklusivem Lifestyle.<\/p><p style=\"text-align: center;\">Ob Einblicke in innovative Technologien, Trends aus der Mobilit\u00e4tsbranche, Event-Highlights oder inspirierende Stories aus der ganzen Welt \u2013 wir halten Sie auf dem Laufenden. Entdecken Sie, was uns bewegt, was unsere Services so besonders macht und wie wir die Zukunft der Mobilit\u00e4t neu definieren. Entdecken Sie, was uns bewegt, was unsere Services so besonders macht und wie wir die Zukunft der Mobilit\u00e4t neu definieren.<\/p><p style=\"text-align: center;\">Bleiben Sie informiert und lassen Sie sich inspirieren \u2013 wir freuen uns, Sie hier regelm\u00e4\u00dfig begr\u00fc\u00dfen zu d\u00fcrfen!<\/p>\t\t\t\t\t\t\t\t<\/div>\n\t\t\t\t<\/div>\n\t\t\t\t\t<\/div>\n\t\t\t\t<\/div>\n\t\t<div class=\"elementor-element elementor-element-a9a5be8 e-flex e-con-boxed e-con e-parent\" data-id=\"a9a5be8\" data-element_type=\"container\" data-e-type=\"container\">\n\t\t\t\t\t<div class=\"e-con-inner\">\n\t\t\t\t\t<\/div>\n\t\t\t\t<\/div>\n\t\t\t\t<\/div>\n\t\t","protected":false},"excerpt":{"rendered":"<p>News &#038; Insights from stars &#038; driver \u2013 discover luxury mobility trends, travel inspiration, event highlights &#038; stories from the world of premium chauffeur services.<\/p>\n","protected":false},"author":1,"featured_media":1903,"parent":0,"menu_order":0,"comment_status":"closed","ping_status":"closed","template":"elementor_theme","meta":{"footnotes":""},"class_list":["post-2946","page","type-page","status-publish","has-post-thumbnail","hentry"],"_links":{"self":[{"href":"https:\/\/stars-driver.de\/en\/wp-json\/wp\/v2\/pages\/2946","targetHints":{"allow":["GET"]}}],"collection":[{"href":"https:\/\/stars-driver.de\/en\/wp-json\/wp\/v2\/pages"}],"about":[{"href":"https:\/\/stars-driver.de\/en\/wp-json\/wp\/v2\/types\/page"}],"author":[{"embeddable":true,"href":"https:\/\/stars-driver.de\/en\/wp-json\/wp\/v2\/users\/1"}],"replies":[{"embeddable":true,"href":"https:\/\/stars-driver.de\/en\/wp-json\/wp\/v2\/comments?post=2946"}],"version-history":[{"count":2,"href":"https:\/\/stars-driver.de\/en\/wp-json\/wp\/v2\/pages\/2946\/revisions"}],"predecessor-version":[{"id":2950,"href":"https:\/\/stars-driver.de\/en\/wp-json\/wp\/v2\/pages\/2946\/revisions\/2950"}],"wp:featuredmedia":[{"embeddable":true,"href":"https:\/\/stars-driver.de\/en\/wp-json\/wp\/v2\/media\/1903"}],"wp:attachment":[{"href":"https:\/\/stars-driver.de\/en\/wp-json\/wp\/v2\/media?parent=2946"}],"curies":[{"name":"wp","href":"https:\/\/api.w.org\/{rel}","templated":true}]}}